{"id":3133,"date":"2025-08-25T11:11:25","date_gmt":"2025-08-25T09:11:25","guid":{"rendered":"https:\/\/marcoanders.ch\/?page_id=3133"},"modified":"2025-08-25T12:55:52","modified_gmt":"2025-08-25T10:55:52","slug":"agb","status":"publish","type":"page","link":"https:\/\/marcoanders.ch\/en\/agb\/","title":{"rendered":"GTC"},"content":{"rendered":"<div data-elementor-type=\"wp-page\" data-elementor-id=\"3133\" class=\"elementor elementor-3133\" data-elementor-post-type=\"page\">\n\t\t\t\t<div class=\"elementor-element elementor-element-17a43b38 e-flex e-con-boxed e-con e-parent\" data-id=\"17a43b38\" data-element_type=\"container\" data-e-type=\"container\">\n\t\t\t\t\t<div class=\"e-con-inner\">\n\t\t\t\t<div class=\"elementor-element elementor-element-f2e85d0 elementor-widget elementor-widget-heading\" data-id=\"f2e85d0\" data-element_type=\"widget\" data-e-type=\"widget\" data-widget_type=\"heading.default\">\n\t\t\t\t<div class=\"elementor-widget-container\">\n\t\t\t\t\t<h2 class=\"elementor-heading-title elementor-size-default\">General Terms and Conditions of Marco Anders GmbH<\/h2>\t\t\t\t<\/div>\n\t\t\t\t<\/div>\n\t\t\t\t<div class=\"elementor-element elementor-element-77110846 elementor-widget elementor-widget-text-editor\" data-id=\"77110846\" data-element_type=\"widget\" data-e-type=\"widget\" data-widget_type=\"text-editor.default\">\n\t\t\t\t<div class=\"elementor-widget-container\">\n\t\t\t\t\t\t\t\t\t<p><strong>1. Scope of application<\/strong><br>These General Terms and Conditions (GTC) govern the conclusion of contracts, the content and processing of agreements on the planning and execution of remodelling, interior finishing, renovation and facade work by Marco Anders GmbH. Deviating terms and conditions are only valid if Marco Anders GmbH has expressly agreed to them in writing.<\/p>\n<p><strong>2. Offer<\/strong><br>Written offers are valid for three months from the date of issue. Additional requirements not included in the offer<br>or are added after the contract has been concluded must be agreed separately.<\/p>\n<p><strong>3. Scope of services<\/strong><br>The scope and execution of our services are based on the offer, the order confirmation or the contract for work and services. Services that are not covered by these documents, as well as necessary on-site preparations, facilities, work and measures required for the execution of the order by Marco Anders GmbH, are not included. Additional services that are verbally commissioned by the client and are not included in the offer will be charged at cost. The same applies to unforeseen characteristics, technical or other circumstances that were not apparent to Marco Anders GmbH when the offer was prepared or were concealed by the customer and require additional services. Marco Anders GmbH accepts no liability for delays caused, for example, by third parties or suppliers.<\/p>\n<p><strong>4. Prices<\/strong><br>The prices quoted by Marco Anders GmbH are net prices in Swiss francs (CHF) and do not include applicable value added tax (VAT). Any additional services required due to incomplete or incorrect information in the documents provided by the client shall be remunerated by the client according to the time and effort expended by Marco Anders GmbH. Our services are billed in units of 15 minutes. Each quarter of an hour or part thereof is billed as a full unit. This enables transparent and fair billing of the actual work performed. In the event of late payment after the set deadline, we reserve the right to charge a reminder fee of CHF 20 per reminder.<\/p>\n<p><strong>5. Delivery times \/ Deliveries<\/strong><br>Specified delivery times for products and materials are non-binding guidelines. The manufacturer's specifications, which are subject to change at short notice, are decisive. Products and materials are shipped at the risk of the client.<\/p>\n<p><strong>6. Conclusion of contract<\/strong><br>Contracts can be concluded verbally or in writing. Verbal contracts must always be confirmed in writing (e.g. by letter or email).<\/p>\n<p><strong>7. Appointments<\/strong><br>Marco Anders GmbH is obliged to adhere to the deadlines agreed in the signed contract or offer. Agreed deadlines are subject to change without notice<br>force majeure, official measures, unforeseeable construction conditions, environmental events and delays caused by dependencies on third parties or suppliers. As soon as Marco Anders GmbH becomes aware of any delays, it will immediately notify the client in writing.<\/p>\n<p><strong>8. Terms of payment<\/strong><br>The payment term is 30 days net after invoicing. For larger or longer-term orders, corresponding partial payments will be invoiced. The client is not entitled to withhold or reduce payments on the basis of complaints, claims or unrecognised counterclaims. The measure is considered completed as soon as it has been fully completed. This also applies if minor completion or finishing work can only be carried out at a later date. If the handover cannot take place for reasons beyond the control of Marco Anders GmbH, the final amount may be invoiced within 30 days of completion.<\/p>\n<p><strong>9. Acceptance<\/strong><br>The client must inspect deliveries and services within a reasonable period of time and report any defects in writing without delay. If the client fails to do so, the deliveries and services shall be deemed accepted and approved. Defects that were not apparent upon careful inspection must be reported in writing immediately upon discovery.<\/p>\n<p><strong>10. Warranty<\/strong><br>Marco Anders GmbH provides a two-year warranty from the date of acceptance of the fully rendered contractually agreed service, unless expressly agreed otherwise in writing. The period begins on the day after acceptance by the client. If no acceptance report is available, commissioning by Marco Anders GmbH or the submission of the final invoice shall also be deemed acceptance. For material orders and equipment deliveries, the warranty is subject to the manufacturer's terms and conditions. If there is a defect, Marco Anders GmbH undertakes to remedy it within a reasonable period of time and at its own expense (rectification). If the work proves to be defective or unusable during the warranty period and this is demonstrably due to faulty execution of the work or faulty material supplied by Marco Anders GmbH, the defective parts shall be repaired or replaced by Marco Anders GmbH within a reasonable period of time at its discretion. This is subject to the condition that the defects are reported during the warranty period and immediately after discovery.<\/p>\n<p><strong>11. Liability<\/strong><br>Marco Anders GmbH shall only be liable for damage to property and personal injury caused by intent or gross negligence. Otherwise, liability is excluded. No liability is accepted for consequential damage resulting from the use of the installed systems. This applies in particular to damage to property, financial loss and damage caused by delay, regardless of the legal basis, as well as indirect or consequential damage, loss of profit, loss of earnings and unrealised savings. Furthermore, the liability of Marco Anders GmbH for any fault on the part of auxiliary persons is expressly excluded. Finally, Marco Anders GmbH is also not liable for any kind of consequential damage (in particular natural disasters such as fire and environmental damage that do not directly affect the subject matter of the contract).<\/p>\n<p><strong>12. Obligations of cooperation on the part of the client<\/strong><br>The customer shall inform Marco Anders GmbH of any existing plant documentation and make this available. In addition, the client shall grant Marco Anders GmbH employees unrestricted access to the plants.<\/p>\n<p><strong>13. Retention of title<\/strong><br>Ownership of the materials provided shall only pass to the client upon full payment of the price agreed in the contract. Without consent, the transfer or disclosure to third parties is prohibited. Marco Anders GmbH is authorised to have the retention of title entered in the retention of title register at the client's place of business.<\/p>\n<p><strong>14. Data protection and confidentiality<\/strong><br>Marco Anders GmbH undertakes to comply with data protection regulations and to process customer data with care. Unless otherwise agreed in the contract, the company is entitled to use the customer as a reference for potential customers.<\/p>\n<p><strong>15. Place of jurisdiction and applicable law<\/strong><br>The legal relationship is governed by Swiss law. For all obligations arising from concluded contracts, the registered office of Marco Anders GmbH shall be the place of performance and jurisdiction.<\/p>\n<p><!-- \/wp:paragraph --><\/p>\t\t\t\t\t\t\t\t<\/div>\n\t\t\t\t<\/div>\n\t\t\t\t\t<\/div>\n\t\t\t\t<\/div>\n\t\t\t\t<\/div>","protected":false},"excerpt":{"rendered":"<p>Allgemeine Gesch\u00e4ftsbedingungen der Marco Anders GmbH 1. GeltungsbereichDiese Allgemeinen Gesch\u00e4ftsbedingungen (AGB) regeln den Vertragsabschluss, den Inhalt und die Abwicklung von Vereinbarungen \u00fcber die Planung und Ausf\u00fchrung von Umbau-, Innenausbau-, Renovations- und Fassadenarbeiten durch die Marco Anders GmbH. Abweichende Bedingungen sind nur g\u00fcltig, wenn die Marco Anders GmbH ihnen ausdr\u00fccklich und schriftlich zugestimmt hat. 2. AngebotSchriftliche [&hellip;]<\/p>\n","protected":false},"author":2,"featured_media":0,"parent":0,"menu_order":0,"comment_status":"closed","ping_status":"closed","template":"","meta":{"footnotes":""},"class_list":["post-3133","page","type-page","status-publish","hentry"],"yoast_head":"<!-- This site is optimized with the Yoast SEO plugin v27.4 - https:\/\/yoast.com\/product\/yoast-seo-wordpress\/ -->\n<title>AGB - Marco Anders GmbH<\/title>\n<meta name=\"robots\" content=\"index, follow, max-snippet:-1, max-image-preview:large, max-video-preview:-1\" \/>\n<link rel=\"canonical\" href=\"https:\/\/marcoanders.ch\/en\/agb\/\" \/>\n<meta property=\"og:locale\" content=\"en_GB\" \/>\n<meta property=\"og:type\" content=\"article\" \/>\n<meta property=\"og:title\" content=\"AGB - Marco Anders GmbH\" \/>\n<meta property=\"og:description\" content=\"Allgemeine Gesch\u00e4ftsbedingungen der Marco Anders GmbH 1. GeltungsbereichDiese Allgemeinen Gesch\u00e4ftsbedingungen (AGB) regeln den Vertragsabschluss, den Inhalt und die Abwicklung von Vereinbarungen \u00fcber die Planung und Ausf\u00fchrung von Umbau-, Innenausbau-, Renovations- und Fassadenarbeiten durch die Marco Anders GmbH. Abweichende Bedingungen sind nur g\u00fcltig, wenn die Marco Anders GmbH ihnen ausdr\u00fccklich und schriftlich zugestimmt hat. 2. AngebotSchriftliche [&hellip;]\" \/>\n<meta property=\"og:url\" content=\"https:\/\/marcoanders.ch\/en\/agb\/\" \/>\n<meta property=\"og:site_name\" content=\"Marco Anders GmbH\" \/>\n<meta property=\"article:modified_time\" content=\"2025-08-25T10:55:52+00:00\" \/>\n<meta name=\"twitter:card\" content=\"summary_large_image\" \/>\n<meta name=\"twitter:label1\" content=\"Estimated reading time\" \/>\n\t<meta name=\"twitter:data1\" content=\"6 minutes\" \/>\n<script type=\"application\/ld+json\" class=\"yoast-schema-graph\">{\"@context\":\"https:\\\/\\\/schema.org\",\"@graph\":[{\"@type\":\"WebPage\",\"@id\":\"https:\\\/\\\/marcoanders.ch\\\/agb\\\/\",\"url\":\"https:\\\/\\\/marcoanders.ch\\\/agb\\\/\",\"name\":\"AGB - Marco Anders GmbH\",\"isPartOf\":{\"@id\":\"https:\\\/\\\/marcoanders.ch\\\/#website\"},\"datePublished\":\"2025-08-25T09:11:25+00:00\",\"dateModified\":\"2025-08-25T10:55:52+00:00\",\"breadcrumb\":{\"@id\":\"https:\\\/\\\/marcoanders.ch\\\/agb\\\/#breadcrumb\"},\"inLanguage\":\"en-GB\",\"potentialAction\":[{\"@type\":\"ReadAction\",\"target\":[\"https:\\\/\\\/marcoanders.ch\\\/agb\\\/\"]}]},{\"@type\":\"BreadcrumbList\",\"@id\":\"https:\\\/\\\/marcoanders.ch\\\/agb\\\/#breadcrumb\",\"itemListElement\":[{\"@type\":\"ListItem\",\"position\":1,\"name\":\"Startseite\",\"item\":\"https:\\\/\\\/marcoanders.ch\\\/\"},{\"@type\":\"ListItem\",\"position\":2,\"name\":\"AGB\"}]},{\"@type\":\"WebSite\",\"@id\":\"https:\\\/\\\/marcoanders.ch\\\/#website\",\"url\":\"https:\\\/\\\/marcoanders.ch\\\/\",\"name\":\"Marco Anders GmbH\",\"description\":\"\",\"publisher\":{\"@id\":\"https:\\\/\\\/marcoanders.ch\\\/#organization\"},\"potentialAction\":[{\"@type\":\"SearchAction\",\"target\":{\"@type\":\"EntryPoint\",\"urlTemplate\":\"https:\\\/\\\/marcoanders.ch\\\/?s={search_term_string}\"},\"query-input\":{\"@type\":\"PropertyValueSpecification\",\"valueRequired\":true,\"valueName\":\"search_term_string\"}}],\"inLanguage\":\"en-GB\"},{\"@type\":\"Organization\",\"@id\":\"https:\\\/\\\/marcoanders.ch\\\/#organization\",\"name\":\"Marco Anders GmbH\",\"url\":\"https:\\\/\\\/marcoanders.ch\\\/\",\"logo\":{\"@type\":\"ImageObject\",\"inLanguage\":\"en-GB\",\"@id\":\"https:\\\/\\\/marcoanders.ch\\\/#\\\/schema\\\/logo\\\/image\\\/\",\"url\":\"https:\\\/\\\/marcoanders.ch\\\/wp-content\\\/uploads\\\/2025\\\/02\\\/Logo-3.jpg\",\"contentUrl\":\"https:\\\/\\\/marcoanders.ch\\\/wp-content\\\/uploads\\\/2025\\\/02\\\/Logo-3.jpg\",\"width\":1901,\"height\":865,\"caption\":\"Marco Anders GmbH\"},\"image\":{\"@id\":\"https:\\\/\\\/marcoanders.ch\\\/#\\\/schema\\\/logo\\\/image\\\/\"}}]}<\/script>\n<!-- \/ Yoast SEO plugin. -->","yoast_head_json":{"title":"AGB - Marco Anders GmbH","robots":{"index":"index","follow":"follow","max-snippet":"max-snippet:-1","max-image-preview":"max-image-preview:large","max-video-preview":"max-video-preview:-1"},"canonical":"https:\/\/marcoanders.ch\/en\/agb\/","og_locale":"en_GB","og_type":"article","og_title":"AGB - Marco Anders GmbH","og_description":"Allgemeine Gesch\u00e4ftsbedingungen der Marco Anders GmbH 1. GeltungsbereichDiese Allgemeinen Gesch\u00e4ftsbedingungen (AGB) regeln den Vertragsabschluss, den Inhalt und die Abwicklung von Vereinbarungen \u00fcber die Planung und Ausf\u00fchrung von Umbau-, Innenausbau-, Renovations- und Fassadenarbeiten durch die Marco Anders GmbH. Abweichende Bedingungen sind nur g\u00fcltig, wenn die Marco Anders GmbH ihnen ausdr\u00fccklich und schriftlich zugestimmt hat. 2. AngebotSchriftliche [&hellip;]","og_url":"https:\/\/marcoanders.ch\/en\/agb\/","og_site_name":"Marco Anders GmbH","article_modified_time":"2025-08-25T10:55:52+00:00","twitter_card":"summary_large_image","twitter_misc":{"Estimated reading time":"6 minutes"},"schema":{"@context":"https:\/\/schema.org","@graph":[{"@type":"WebPage","@id":"https:\/\/marcoanders.ch\/agb\/","url":"https:\/\/marcoanders.ch\/agb\/","name":"AGB - Marco Anders GmbH","isPartOf":{"@id":"https:\/\/marcoanders.ch\/#website"},"datePublished":"2025-08-25T09:11:25+00:00","dateModified":"2025-08-25T10:55:52+00:00","breadcrumb":{"@id":"https:\/\/marcoanders.ch\/agb\/#breadcrumb"},"inLanguage":"en-GB","potentialAction":[{"@type":"ReadAction","target":["https:\/\/marcoanders.ch\/agb\/"]}]},{"@type":"BreadcrumbList","@id":"https:\/\/marcoanders.ch\/agb\/#breadcrumb","itemListElement":[{"@type":"ListItem","position":1,"name":"Startseite","item":"https:\/\/marcoanders.ch\/"},{"@type":"ListItem","position":2,"name":"AGB"}]},{"@type":"WebSite","@id":"https:\/\/marcoanders.ch\/#website","url":"https:\/\/marcoanders.ch\/","name":"Marco Anders GmbH","description":"","publisher":{"@id":"https:\/\/marcoanders.ch\/#organization"},"potentialAction":[{"@type":"SearchAction","target":{"@type":"EntryPoint","urlTemplate":"https:\/\/marcoanders.ch\/?s={search_term_string}"},"query-input":{"@type":"PropertyValueSpecification","valueRequired":true,"valueName":"search_term_string"}}],"inLanguage":"en-GB"},{"@type":"Organization","@id":"https:\/\/marcoanders.ch\/#organization","name":"Marco Anders GmbH","url":"https:\/\/marcoanders.ch\/","logo":{"@type":"ImageObject","inLanguage":"en-GB","@id":"https:\/\/marcoanders.ch\/#\/schema\/logo\/image\/","url":"https:\/\/marcoanders.ch\/wp-content\/uploads\/2025\/02\/Logo-3.jpg","contentUrl":"https:\/\/marcoanders.ch\/wp-content\/uploads\/2025\/02\/Logo-3.jpg","width":1901,"height":865,"caption":"Marco Anders GmbH"},"image":{"@id":"https:\/\/marcoanders.ch\/#\/schema\/logo\/image\/"}}]}},"_links":{"self":[{"href":"https:\/\/marcoanders.ch\/en\/wp-json\/wp\/v2\/pages\/3133","targetHints":{"allow":["GET"]}}],"collection":[{"href":"https:\/\/marcoanders.ch\/en\/wp-json\/wp\/v2\/pages"}],"about":[{"href":"https:\/\/marcoanders.ch\/en\/wp-json\/wp\/v2\/types\/page"}],"author":[{"embeddable":true,"href":"https:\/\/marcoanders.ch\/en\/wp-json\/wp\/v2\/users\/2"}],"replies":[{"embeddable":true,"href":"https:\/\/marcoanders.ch\/en\/wp-json\/wp\/v2\/comments?post=3133"}],"version-history":[{"count":5,"href":"https:\/\/marcoanders.ch\/en\/wp-json\/wp\/v2\/pages\/3133\/revisions"}],"predecessor-version":[{"id":3161,"href":"https:\/\/marcoanders.ch\/en\/wp-json\/wp\/v2\/pages\/3133\/revisions\/3161"}],"wp:attachment":[{"href":"https:\/\/marcoanders.ch\/en\/wp-json\/wp\/v2\/media?parent=3133"}],"curies":[{"name":"wp","href":"https:\/\/api.w.org\/{rel}","templated":true}]}}